{"id":2721,"date":"2020-09-09T15:12:27","date_gmt":"2020-09-09T15:12:27","guid":{"rendered":"https:\/\/www.silpime.com\/?post_type=product&#038;p=2721"},"modified":"2020-09-09T15:12:28","modified_gmt":"2020-09-09T15:12:28","slug":"sillon-d01","status":"publish","type":"product","link":"https:\/\/www.silpime.com\/index.php\/product\/sillon-d01\/","title":{"rendered":"Sill\u00f3n D01"},"content":{"rendered":"","protected":false},"excerpt":{"rendered":"<p>Si quiere m\u00e1s informaci\u00f3n o ver nuestro cat\u00e1logo completo de sof\u00e1s y sillones, no dude en ponerse en contacto con nosotros.<\/p>\n","protected":false},"featured_media":2722,"comment_status":"open","ping_status":"closed","template":"","meta":[],"yoast_head":"<!-- This site is optimized with the Yoast SEO plugin v14.8 - https:\/\/yoast.com\/wordpress\/plugins\/seo\/ -->\n<title>Sill\u00f3n D01 - Silpime | Mobiliario y electrodom\u00e9sticos<\/title>\n<meta name=\"robots\" content=\"index, follow\" \/>\n<meta name=\"googlebot\" content=\"index, follow, max-snippet:-1, max-image-preview:large, max-video-preview:-1\" \/>\n<meta name=\"bingbot\" content=\"index, follow, max-snippet:-1, max-image-preview:large, max-video-preview:-1\" \/>\n<link rel=\"canonical\" href=\"https:\/\/www.silpime.com\/index.php\/product\/sillon-d01\/\" \/>\n<meta property=\"og:locale\" content=\"es_ES\" \/>\n<meta property=\"og:type\" content=\"article\" \/>\n<meta property=\"og:title\" content=\"Sill\u00f3n D01 - Silpime | Mobiliario y electrodom\u00e9sticos\" \/>\n<meta property=\"og:description\" content=\"Si quiere m\u00e1s informaci\u00f3n o ver nuestro cat\u00e1logo completo de sof\u00e1s y sillones, no dude en ponerse en contacto con nosotros.\" \/>\n<meta property=\"og:url\" content=\"https:\/\/www.silpime.com\/index.php\/product\/sillon-d01\/\" \/>\n<meta property=\"og:site_name\" content=\"Silpime | Mobiliario y electrodom\u00e9sticos\" \/>\n<meta property=\"article:modified_time\" content=\"2020-09-09T15:12:28+00:00\" \/>\n<meta property=\"og:image\" content=\"https:\/\/www.silpime.com\/wp-content\/uploads\/2020\/09\/sillon-dupen-silpime-01.jpg\" \/>\n\t<meta property=\"og:image:width\" content=\"716\" \/>\n\t<meta property=\"og:image:height\" content=\"1034\" \/>\n<meta name=\"twitter:card\" content=\"summary_large_image\" \/>\n<script type=\"application\/ld+json\" class=\"yoast-schema-graph\">{\"@context\":\"https:\/\/schema.org\",\"@graph\":[{\"@type\":\"WebSite\",\"@id\":\"https:\/\/www.silpime.com\/#website\",\"url\":\"https:\/\/www.silpime.com\/\",\"name\":\"Silpime | Mobiliario y electrodom\\u00e9sticos\",\"description\":\"Silpime, tienda especializada en Mobiliario y electrodom\\u00e9sticos\",\"potentialAction\":[{\"@type\":\"SearchAction\",\"target\":\"https:\/\/www.silpime.com\/?s={search_term_string}\",\"query-input\":\"required name=search_term_string\"}],\"inLanguage\":\"es\"},{\"@type\":\"ImageObject\",\"@id\":\"https:\/\/www.silpime.com\/index.php\/product\/sillon-d01\/#primaryimage\",\"inLanguage\":\"es\",\"url\":\"https:\/\/www.silpime.com\/wp-content\/uploads\/2020\/09\/sillon-dupen-silpime-01.jpg\",\"width\":716,\"height\":1034},{\"@type\":\"WebPage\",\"@id\":\"https:\/\/www.silpime.com\/index.php\/product\/sillon-d01\/#webpage\",\"url\":\"https:\/\/www.silpime.com\/index.php\/product\/sillon-d01\/\",\"name\":\"Sill\\u00f3n D01 - Silpime | Mobiliario y electrodom\\u00e9sticos\",\"isPartOf\":{\"@id\":\"https:\/\/www.silpime.com\/#website\"},\"primaryImageOfPage\":{\"@id\":\"https:\/\/www.silpime.com\/index.php\/product\/sillon-d01\/#primaryimage\"},\"datePublished\":\"2020-09-09T15:12:27+00:00\",\"dateModified\":\"2020-09-09T15:12:28+00:00\",\"inLanguage\":\"es\",\"potentialAction\":[{\"@type\":\"ReadAction\",\"target\":[\"https:\/\/www.silpime.com\/index.php\/product\/sillon-d01\/\"]}]}]}<\/script>\n<!-- \/ Yoast SEO plugin. -->","_links":{"self":[{"href":"https:\/\/www.silpime.com\/index.php\/wp-json\/wp\/v2\/product\/2721"}],"collection":[{"href":"https:\/\/www.silpime.com\/index.php\/wp-json\/wp\/v2\/product"}],"about":[{"href":"https:\/\/www.silpime.com\/index.php\/wp-json\/wp\/v2\/types\/product"}],"replies":[{"embeddable":true,"href":"https:\/\/www.silpime.com\/index.php\/wp-json\/wp\/v2\/comments?post=2721"}],"wp:featuredmedia":[{"embeddable":true,"href":"https:\/\/www.silpime.com\/index.php\/wp-json\/wp\/v2\/media\/2722"}],"wp:attachment":[{"href":"https:\/\/www.silpime.com\/index.php\/wp-json\/wp\/v2\/media?parent=2721"}],"curies":[{"name":"wp","href":"https:\/\/api.w.org\/{rel}","templated":true}]}}